{"id":382,"date":"2022-02-16T10:12:09","date_gmt":"2022-02-16T10:12:09","guid":{"rendered":"http:\/\/bychris-photography.com\/?page_id=382"},"modified":"2023-03-10T13:49:13","modified_gmt":"2023-03-10T13:49:13","slug":"service-de-retouche-photo","status":"publish","type":"page","link":"https:\/\/bychris-photography.com\/?page_id=382","title":{"rendered":"Service de retouche photo"},"content":{"rendered":"\n<p class=\"has-text-align-center\" style=\"font-size:11px\">Service de retouche photo<br>By Chris Photography<\/p>\n\n\n\n<p class=\"has-text-align-center\">Je vous propose \u00e9galement un service de retouche photo en parall\u00e8le de mes services de photographe professionnel. <\/p>\n\n\n\n<p class=\"has-text-align-center\">Je peux vous aider \u00e0 embellir vos images, qu&rsquo;il s&rsquo;agisse de portraits, de photos de produits, de photo de paysages afin que vous puissiez obtenir le meilleur de vos images. <\/p>\n\n\n\n<h2 class=\"has-text-align-center wp-block-heading\">Comment cela fonctionne ? <\/h2>\n\n\n\n<p class=\"has-text-align-center\">Nous prenons contact ensemble via le bouton ci-dessous ou via le formulaire de contact pr\u00e9sent dans le menu du site.<\/p>\n\n\n\n<p class=\"has-text-align-center\">Nous discutons ensemble du type d&rsquo;image que vous souhaitez retoucher et de vos attentes.<\/p>\n\n\n\n<p class=\"has-text-align-center\">J&rsquo;effectue la prestation de retouche photo demand\u00e9e, et vous envoi un aper\u00e7u du travail effectu\u00e9. <\/p>\n\n\n\n<p class=\"has-text-align-center\">Une fois la retouche valid\u00e9e, je vous transmets le fichier retouch\u00e9 via Google Drive, afin que vous puissiez profiter de votre nouvelle image. <\/p>\n\n\n\n<p class=\"has-text-align-center\"><strong>Le tarif de base est de 10\u20ac par photo \u00e0 retoucher<\/strong>, ce tarif sera d\u00e9gressif en fonction du nombre de photos demand\u00e9es. <em>Attention : ce tarif peut \u00eatre major\u00e9 en cas de demande complexe sur une image.<\/em> <\/p>\n\n\n\n<p class=\"has-text-align-center\">Vous trouverez juste en dessous quelques exemples d&rsquo;images avant et apr\u00e8s retouche afin que vous puissiez voir, notamment sur du portrait, la retouche effectu\u00e9e.  <\/p>\n\n\n\n<div class=\"wp-block-buttons has-custom-font-size has-small-font-size is-content-justification-center is-layout-flex wp-container-core-buttons-is-layout-a89b3969 wp-block-buttons-is-layout-flex\">\n<div class=\"wp-block-button has-custom-width wp-block-button__width-100 has-custom-font-size is-style-outline has-small-font-size is-style-outline--2\"><a class=\"wp-block-button__link wp-element-button\" href=\"https:\/\/bychris-photography.com\/?page_id=70\">Contactez-moi pour demander votre devis<\/a><\/div>\n<\/div>\n\n\n\n<div class=\"wp-block-media-text alignwide is-stacked-on-mobile\"><figure class=\"wp-block-media-text__media\"><img loading=\"lazy\" decoding=\"async\" width=\"683\" height=\"1024\" src=\"https:\/\/bychris-photography.com\/wp-content\/uploads\/2022\/04\/1-683x1024.jpg\" alt=\"Service de retouche photo\" class=\"wp-image-470 size-full\" srcset=\"https:\/\/bychris-photography.com\/wp-content\/uploads\/2022\/04\/1-683x1024.jpg 683w, https:\/\/bychris-photography.com\/wp-content\/uploads\/2022\/04\/1-scaled-600x900.jpg 600w, https:\/\/bychris-photography.com\/wp-content\/uploads\/2022\/04\/1-200x300.jpg 200w, https:\/\/bychris-photography.com\/wp-content\/uploads\/2022\/04\/1-768x1152.jpg 768w, https:\/\/bychris-photography.com\/wp-content\/uploads\/2022\/04\/1-1024x1536.jpg 1024w, https:\/\/bychris-photography.com\/wp-content\/uploads\/2022\/04\/1-1365x2048.jpg 1365w, https:\/\/bychris-photography.com\/wp-content\/uploads\/2022\/04\/1-scaled-1200x1800.jpg 1200w, https:\/\/bychris-photography.com\/wp-content\/uploads\/2022\/04\/1-scaled.jpg 1707w\" sizes=\"auto, (max-width: 683px) 100vw, 683px\" \/><\/figure><div class=\"wp-block-media-text__content\">\n<p class=\"has-text-align-center has-large-font-size\">Exemple de retouche photo de portrait<\/p>\n\n\n\n<p class=\"has-text-align-center\">Ci-contre un exemple du type de retouche possible sur une photo de portrait. <\/p>\n\n\n\n<p class=\"has-text-align-center\">La retouche s&rsquo;est concentr\u00e9e sur la correction de la colorim\u00e9trie de l&rsquo;image et de la peau, ainsi que l&rsquo;am\u00e9lioration de la peau. <\/p>\n\n\n\n<p class=\"has-text-align-center\">La retouche s&rsquo;est \u00e9galement concentr\u00e9e sur l&rsquo;am\u00e9lioration de la qualit\u00e9 et de la nettet\u00e9 de la photo. <\/p>\n<\/div><\/div>\n\n\n\n<div class=\"wp-block-media-text alignwide has-media-on-the-right is-stacked-on-mobile\"><div class=\"wp-block-media-text__content\">\n<p class=\"has-text-align-center has-large-font-size\">Exemple de retouche sur une photo animali\u00e8re en ext\u00e9rieure<\/p>\n\n\n\n<p class=\"has-text-align-center\">Ici un exemple de retouche sur une photo animali\u00e8re. <\/p>\n\n\n\n<p class=\"has-text-align-center\">La retouche a permis de corriger le manque de luminosit\u00e9 caus\u00e9e par le mauvais temps. Cela a \u00e9galement permis d&rsquo;accentuer les d\u00e9tails des poils et de toute la photo. <\/p>\n\n\n\n<p class=\"has-text-align-center\">Enfin, il a \u00e9t\u00e9 possible de donner une ambiance un peu plus joyeuse. <\/p>\n<\/div><figure class=\"wp-block-media-text__media\"><img loading=\"lazy\" decoding=\"async\" width=\"683\" height=\"1024\" src=\"https:\/\/bychris-photography.com\/wp-content\/uploads\/2022\/04\/4-683x1024.jpg\" alt=\"Service de retouche photo\" class=\"wp-image-471 size-full\" srcset=\"https:\/\/bychris-photography.com\/wp-content\/uploads\/2022\/04\/4-683x1024.jpg 683w, https:\/\/bychris-photography.com\/wp-content\/uploads\/2022\/04\/4-scaled-600x900.jpg 600w, https:\/\/bychris-photography.com\/wp-content\/uploads\/2022\/04\/4-200x300.jpg 200w, https:\/\/bychris-photography.com\/wp-content\/uploads\/2022\/04\/4-768x1152.jpg 768w, https:\/\/bychris-photography.com\/wp-content\/uploads\/2022\/04\/4-1024x1536.jpg 1024w, https:\/\/bychris-photography.com\/wp-content\/uploads\/2022\/04\/4-1365x2048.jpg 1365w, https:\/\/bychris-photography.com\/wp-content\/uploads\/2022\/04\/4-scaled.jpg 1707w\" sizes=\"auto, (max-width: 683px) 100vw, 683px\" \/><\/figure><\/div>\n\n\n<style>.wp-block-kadence-icon.kt-svg-icons_a48b78-13{justify-content:center;}<\/style>\n<div class=\"wp-block-kadence-icon kt-svg-icons kt-svg-icons_a48b78-13 alignnone\"><style>.kt-svg-item-_970810-e6 .kb-svg-icon-wrap, .kt-svg-style-stacked.kt-svg-item-_970810-e6 .kb-svg-icon-wrap{color:#444444;font-size:50px;}<\/style>\n<div class=\"kt-svg-style-default kt-svg-icon-wrap kt-svg-item-_970810-e6\"><a href=\"https:\/\/www.facebook.com\/bychrisphotography1\" class=\"kt-svg-icon-link\"><span class=\"kb-svg-icon-wrap kb-svg-icon-fe_facebook\"><svg viewBox=\"0 0 24 24\"  fill=\"none\" stroke=\"currentColor\" stroke-width=\"2\" stroke-linecap=\"round\" stroke-linejoin=\"round\" xmlns=\"http:\/\/www.w3.org\/2000\/svg\"  aria-hidden=\"true\"><path d=\"M18 2h-3a5 5 0 0 0-5 5v3H7v4h3v8h4v-8h3l1-4h-4V7a1 1 0 0 1 1-1h3z\"\/><\/svg><\/span><\/a><\/div>\n<\/div>\n","protected":false},"excerpt":{"rendered":"<p>Service de retouche photoBy Chris Photography Je vous propose \u00e9galement un service de retouche photo en parall\u00e8le de mes services de photographe professionnel. Je peux vous aider \u00e0 embellir vos images, qu&rsquo;il s&rsquo;agisse de portraits, de photos de produits, de photo de paysages afin que vous puissiez obtenir le meilleur de vos images. Comment cela &hellip; <\/p>\n<p class=\"link-more\"><a href=\"https:\/\/bychris-photography.com\/?page_id=382\" class=\"more-link\">Lire la suite de<span class=\"screen-reader-text\">\u00ab\u00a0Service de retouche photo\u00a0\u00bb<\/span><\/a><\/p>\n","protected":false},"author":1,"featured_media":470,"parent":0,"menu_order":0,"comment_status":"closed","ping_status":"closed","template":"","meta":{"ngg_post_thumbnail":0,"inspiro_hide_title":false,"footnotes":""},"class_list":["post-382","page","type-page","status-publish","has-post-thumbnail","hentry"],"yoast_head":"<!-- This site is optimized with the Yoast SEO plugin v27.5 - https:\/\/yoast.com\/product\/yoast-seo-wordpress\/ -->\n<title>Service de retouche photo - By Chris Photography<\/title>\n<meta name=\"description\" content=\"Je vous propose un service de retouche photo pour vous aider \u00e0 embellir vos images et faire de chaque instant une oeuvre d&#039;art.\" \/>\n<meta name=\"robots\" content=\"index, follow, max-snippet:-1, max-image-preview:large, max-video-preview:-1\" \/>\n<link rel=\"canonical\" href=\"https:\/\/bychris-photography.com\/?page_id=382\" \/>\n<meta property=\"og:locale\" content=\"fr_FR\" \/>\n<meta property=\"og:type\" content=\"article\" \/>\n<meta property=\"og:title\" content=\"Service de retouche photo - By Chris Photography\" \/>\n<meta property=\"og:description\" content=\"Je vous propose un service de retouche photo pour vous aider \u00e0 embellir vos images et faire de chaque instant une oeuvre d&#039;art.\" \/>\n<meta property=\"og:url\" content=\"https:\/\/bychris-photography.com\/?page_id=382\" \/>\n<meta property=\"og:site_name\" content=\"By Chris Photography Photographe de mariage &amp; portraits \u00e0 M\u00e2con\" \/>\n<meta property=\"article:publisher\" content=\"https:\/\/www.facebook.com\/bychrisphotography1\" \/>\n<meta property=\"article:modified_time\" content=\"2023-03-10T13:49:13+00:00\" \/>\n<meta property=\"og:image\" content=\"https:\/\/bychris-photography.com\/wp-content\/uploads\/2022\/04\/1-scaled.jpg\" \/>\n\t<meta property=\"og:image:width\" content=\"1707\" \/>\n\t<meta property=\"og:image:height\" content=\"2560\" \/>\n\t<meta property=\"og:image:type\" content=\"image\/jpeg\" \/>\n<meta name=\"twitter:card\" content=\"summary_large_image\" \/>\n<meta name=\"twitter:label1\" content=\"Dur\u00e9e de lecture estim\u00e9e\" \/>\n\t<meta name=\"twitter:data1\" content=\"2 minutes\" \/>\n<script type=\"application\/ld+json\" class=\"yoast-schema-graph\">{\"@context\":\"https:\\\/\\\/schema.org\",\"@graph\":[{\"@type\":\"WebPage\",\"@id\":\"https:\\\/\\\/bychris-photography.com\\\/?page_id=382\",\"url\":\"https:\\\/\\\/bychris-photography.com\\\/?page_id=382\",\"name\":\"Service de retouche photo - By Chris Photography\",\"isPartOf\":{\"@id\":\"http:\\\/\\\/bychris-photography.com\\\/#website\"},\"primaryImageOfPage\":{\"@id\":\"https:\\\/\\\/bychris-photography.com\\\/?page_id=382#primaryimage\"},\"image\":{\"@id\":\"https:\\\/\\\/bychris-photography.com\\\/?page_id=382#primaryimage\"},\"thumbnailUrl\":\"https:\\\/\\\/bychris-photography.com\\\/wp-content\\\/uploads\\\/2022\\\/04\\\/1-scaled.jpg\",\"datePublished\":\"2022-02-16T10:12:09+00:00\",\"dateModified\":\"2023-03-10T13:49:13+00:00\",\"description\":\"Je vous propose un service de retouche photo pour vous aider \u00e0 embellir vos images et faire de chaque instant une oeuvre d'art.\",\"breadcrumb\":{\"@id\":\"https:\\\/\\\/bychris-photography.com\\\/?page_id=382#breadcrumb\"},\"inLanguage\":\"fr-FR\",\"potentialAction\":[{\"@type\":\"ReadAction\",\"target\":[\"https:\\\/\\\/bychris-photography.com\\\/?page_id=382\"]}]},{\"@type\":\"ImageObject\",\"inLanguage\":\"fr-FR\",\"@id\":\"https:\\\/\\\/bychris-photography.com\\\/?page_id=382#primaryimage\",\"url\":\"https:\\\/\\\/bychris-photography.com\\\/wp-content\\\/uploads\\\/2022\\\/04\\\/1-scaled.jpg\",\"contentUrl\":\"https:\\\/\\\/bychris-photography.com\\\/wp-content\\\/uploads\\\/2022\\\/04\\\/1-scaled.jpg\",\"width\":1707,\"height\":2560},{\"@type\":\"BreadcrumbList\",\"@id\":\"https:\\\/\\\/bychris-photography.com\\\/?page_id=382#breadcrumb\",\"itemListElement\":[{\"@type\":\"ListItem\",\"position\":1,\"name\":\"Accueil\",\"item\":\"http:\\\/\\\/bychris-photography.com\\\/\"},{\"@type\":\"ListItem\",\"position\":2,\"name\":\"Service de retouche photo\"}]},{\"@type\":\"WebSite\",\"@id\":\"http:\\\/\\\/bychris-photography.com\\\/#website\",\"url\":\"http:\\\/\\\/bychris-photography.com\\\/\",\"name\":\"By Chris Photography Photographe de mariage &amp; portraits \u00e0 M\u00e2con\",\"description\":\"Faire de chaque instant une oeuvre d&#039;art\",\"publisher\":{\"@id\":\"http:\\\/\\\/bychris-photography.com\\\/#organization\"},\"potentialAction\":[{\"@type\":\"SearchAction\",\"target\":{\"@type\":\"EntryPoint\",\"urlTemplate\":\"http:\\\/\\\/bychris-photography.com\\\/?s={search_term_string}\"},\"query-input\":{\"@type\":\"PropertyValueSpecification\",\"valueRequired\":true,\"valueName\":\"search_term_string\"}}],\"inLanguage\":\"fr-FR\"},{\"@type\":\"Organization\",\"@id\":\"http:\\\/\\\/bychris-photography.com\\\/#organization\",\"name\":\"By Chris Photography - Photographe M\u00e2con & Lyon\",\"url\":\"http:\\\/\\\/bychris-photography.com\\\/\",\"logo\":{\"@type\":\"ImageObject\",\"inLanguage\":\"fr-FR\",\"@id\":\"http:\\\/\\\/bychris-photography.com\\\/#\\\/schema\\\/logo\\\/image\\\/\",\"url\":\"https:\\\/\\\/bychris-photography.com\\\/wp-content\\\/uploads\\\/2021\\\/05\\\/logochris.png\",\"contentUrl\":\"https:\\\/\\\/bychris-photography.com\\\/wp-content\\\/uploads\\\/2021\\\/05\\\/logochris.png\",\"width\":2480,\"height\":3508,\"caption\":\"By Chris Photography - Photographe M\u00e2con & Lyon\"},\"image\":{\"@id\":\"http:\\\/\\\/bychris-photography.com\\\/#\\\/schema\\\/logo\\\/image\\\/\"},\"sameAs\":[\"https:\\\/\\\/www.facebook.com\\\/bychrisphotography1\",\"https:\\\/\\\/www.instagram.com\\\/bychrisphotography\\\/?igshid=18c29j457gan7\"]}]}<\/script>\n<!-- \/ Yoast SEO plugin. -->","yoast_head_json":{"title":"Service de retouche photo - By Chris Photography","description":"Je vous propose un service de retouche photo pour vous aider \u00e0 embellir vos images et faire de chaque instant une oeuvre d'art.","robots":{"index":"index","follow":"follow","max-snippet":"max-snippet:-1","max-image-preview":"max-image-preview:large","max-video-preview":"max-video-preview:-1"},"canonical":"https:\/\/bychris-photography.com\/?page_id=382","og_locale":"fr_FR","og_type":"article","og_title":"Service de retouche photo - By Chris Photography","og_description":"Je vous propose un service de retouche photo pour vous aider \u00e0 embellir vos images et faire de chaque instant une oeuvre d'art.","og_url":"https:\/\/bychris-photography.com\/?page_id=382","og_site_name":"By Chris Photography Photographe de mariage &amp; portraits \u00e0 M\u00e2con","article_publisher":"https:\/\/www.facebook.com\/bychrisphotography1","article_modified_time":"2023-03-10T13:49:13+00:00","og_image":[{"width":1707,"height":2560,"url":"https:\/\/bychris-photography.com\/wp-content\/uploads\/2022\/04\/1-scaled.jpg","type":"image\/jpeg"}],"twitter_card":"summary_large_image","twitter_misc":{"Dur\u00e9e de lecture estim\u00e9e":"2 minutes"},"schema":{"@context":"https:\/\/schema.org","@graph":[{"@type":"WebPage","@id":"https:\/\/bychris-photography.com\/?page_id=382","url":"https:\/\/bychris-photography.com\/?page_id=382","name":"Service de retouche photo - By Chris Photography","isPartOf":{"@id":"http:\/\/bychris-photography.com\/#website"},"primaryImageOfPage":{"@id":"https:\/\/bychris-photography.com\/?page_id=382#primaryimage"},"image":{"@id":"https:\/\/bychris-photography.com\/?page_id=382#primaryimage"},"thumbnailUrl":"https:\/\/bychris-photography.com\/wp-content\/uploads\/2022\/04\/1-scaled.jpg","datePublished":"2022-02-16T10:12:09+00:00","dateModified":"2023-03-10T13:49:13+00:00","description":"Je vous propose un service de retouche photo pour vous aider \u00e0 embellir vos images et faire de chaque instant une oeuvre d'art.","breadcrumb":{"@id":"https:\/\/bychris-photography.com\/?page_id=382#breadcrumb"},"inLanguage":"fr-FR","potentialAction":[{"@type":"ReadAction","target":["https:\/\/bychris-photography.com\/?page_id=382"]}]},{"@type":"ImageObject","inLanguage":"fr-FR","@id":"https:\/\/bychris-photography.com\/?page_id=382#primaryimage","url":"https:\/\/bychris-photography.com\/wp-content\/uploads\/2022\/04\/1-scaled.jpg","contentUrl":"https:\/\/bychris-photography.com\/wp-content\/uploads\/2022\/04\/1-scaled.jpg","width":1707,"height":2560},{"@type":"BreadcrumbList","@id":"https:\/\/bychris-photography.com\/?page_id=382#breadcrumb","itemListElement":[{"@type":"ListItem","position":1,"name":"Accueil","item":"http:\/\/bychris-photography.com\/"},{"@type":"ListItem","position":2,"name":"Service de retouche photo"}]},{"@type":"WebSite","@id":"http:\/\/bychris-photography.com\/#website","url":"http:\/\/bychris-photography.com\/","name":"By Chris Photography Photographe de mariage &amp; portraits \u00e0 M\u00e2con","description":"Faire de chaque instant une oeuvre d&#039;art","publisher":{"@id":"http:\/\/bychris-photography.com\/#organization"},"potentialAction":[{"@type":"SearchAction","target":{"@type":"EntryPoint","urlTemplate":"http:\/\/bychris-photography.com\/?s={search_term_string}"},"query-input":{"@type":"PropertyValueSpecification","valueRequired":true,"valueName":"search_term_string"}}],"inLanguage":"fr-FR"},{"@type":"Organization","@id":"http:\/\/bychris-photography.com\/#organization","name":"By Chris Photography - Photographe M\u00e2con & Lyon","url":"http:\/\/bychris-photography.com\/","logo":{"@type":"ImageObject","inLanguage":"fr-FR","@id":"http:\/\/bychris-photography.com\/#\/schema\/logo\/image\/","url":"https:\/\/bychris-photography.com\/wp-content\/uploads\/2021\/05\/logochris.png","contentUrl":"https:\/\/bychris-photography.com\/wp-content\/uploads\/2021\/05\/logochris.png","width":2480,"height":3508,"caption":"By Chris Photography - Photographe M\u00e2con & Lyon"},"image":{"@id":"http:\/\/bychris-photography.com\/#\/schema\/logo\/image\/"},"sameAs":["https:\/\/www.facebook.com\/bychrisphotography1","https:\/\/www.instagram.com\/bychrisphotography\/?igshid=18c29j457gan7"]}]}},"featured_media_urls":{"thumbnail":["https:\/\/bychris-photography.com\/wp-content\/uploads\/2022\/04\/1-150x150.jpg",150,150,true],"medium":["https:\/\/bychris-photography.com\/wp-content\/uploads\/2022\/04\/1-200x300.jpg",200,300,true],"medium_large":["https:\/\/bychris-photography.com\/wp-content\/uploads\/2022\/04\/1-768x1152.jpg",768,1152,true],"large":["https:\/\/bychris-photography.com\/wp-content\/uploads\/2022\/04\/1-683x1024.jpg",683,1024,true],"1536x1536":["https:\/\/bychris-photography.com\/wp-content\/uploads\/2022\/04\/1-1024x1536.jpg",1024,1536,true],"2048x2048":["https:\/\/bychris-photography.com\/wp-content\/uploads\/2022\/04\/1-1365x2048.jpg",1365,2048,true],"ect-jetpack-portfolio-featured":["https:\/\/bychris-photography.com\/wp-content\/uploads\/2022\/04\/1-scaled-640x640.jpg",640,640,true],"ect-featured-content":["https:\/\/bychris-photography.com\/wp-content\/uploads\/2022\/04\/1-scaled-640x640.jpg",640,640,true],"ect-service":["https:\/\/bychris-photography.com\/wp-content\/uploads\/2022\/04\/1-scaled-640x640.jpg",640,640,true],"inspiro-featured-image":["https:\/\/bychris-photography.com\/wp-content\/uploads\/2022\/04\/1-scaled.jpg",1707,2560,false],"inspiro-loop":["https:\/\/bychris-photography.com\/wp-content\/uploads\/2022\/04\/1-scaled-950x320.jpg",950,320,true],"inspiro-loop@2x":["https:\/\/bychris-photography.com\/wp-content\/uploads\/2022\/04\/1-scaled-1707x640.jpg",1707,640,true],"jetpack-portfolio-admin-thumb":["https:\/\/bychris-photography.com\/wp-content\/uploads\/2022\/04\/1-scaled-50x50.jpg",50,50,true],"featured-content-admin-thumb":["https:\/\/bychris-photography.com\/wp-content\/uploads\/2022\/04\/1-scaled-50x50.jpg",50,50,true],"service-admin-thumb":["https:\/\/bychris-photography.com\/wp-content\/uploads\/2022\/04\/1-scaled-50x50.jpg",50,50,true],"woocommerce_thumbnail":["https:\/\/bychris-photography.com\/wp-content\/uploads\/2022\/04\/1-scaled-300x300.jpg",300,300,true],"woocommerce_single":["https:\/\/bychris-photography.com\/wp-content\/uploads\/2022\/04\/1-scaled-600x900.jpg",600,900,true],"woocommerce_gallery_thumbnail":["https:\/\/bychris-photography.com\/wp-content\/uploads\/2022\/04\/1-scaled-100x100.jpg",100,100,true],"portfolio_item-thumbnail":["https:\/\/bychris-photography.com\/wp-content\/uploads\/2022\/04\/1-scaled-600x400.jpg",600,400,true],"portfolio_item-thumbnail@2x":["https:\/\/bychris-photography.com\/wp-content\/uploads\/2022\/04\/1-scaled-1200x800.jpg",1200,800,true],"portfolio_item-masonry":["https:\/\/bychris-photography.com\/wp-content\/uploads\/2022\/04\/1-scaled-600x900.jpg",600,900,true],"portfolio_item-masonry@2x":["https:\/\/bychris-photography.com\/wp-content\/uploads\/2022\/04\/1-scaled-1200x1800.jpg",1200,1800,true],"portfolio_item-thumbnail_cinema":["https:\/\/bychris-photography.com\/wp-content\/uploads\/2022\/04\/1-scaled-800x335.jpg",800,335,true],"portfolio_item-thumbnail_portrait":["https:\/\/bychris-photography.com\/wp-content\/uploads\/2022\/04\/1-scaled-600x900.jpg",600,900,true],"portfolio_item-thumbnail_portrait@2x":["https:\/\/bychris-photography.com\/wp-content\/uploads\/2022\/04\/1-scaled-1200x1800.jpg",1200,1800,true],"portfolio_item-thumbnail_square":["https:\/\/bychris-photography.com\/wp-content\/uploads\/2022\/04\/1-scaled-800x800.jpg",800,800,true]},"_links":{"self":[{"href":"https:\/\/bychris-photography.com\/index.php?rest_route=\/wp\/v2\/pages\/382","targetHints":{"allow":["GET"]}}],"collection":[{"href":"https:\/\/bychris-photography.com\/index.php?rest_route=\/wp\/v2\/pages"}],"about":[{"href":"https:\/\/bychris-photography.com\/index.php?rest_route=\/wp\/v2\/types\/page"}],"author":[{"embeddable":true,"href":"https:\/\/bychris-photography.com\/index.php?rest_route=\/wp\/v2\/users\/1"}],"replies":[{"embeddable":true,"href":"https:\/\/bychris-photography.com\/index.php?rest_route=%2Fwp%2Fv2%2Fcomments&post=382"}],"version-history":[{"count":11,"href":"https:\/\/bychris-photography.com\/index.php?rest_route=\/wp\/v2\/pages\/382\/revisions"}],"predecessor-version":[{"id":1015,"href":"https:\/\/bychris-photography.com\/index.php?rest_route=\/wp\/v2\/pages\/382\/revisions\/1015"}],"wp:featuredmedia":[{"embeddable":true,"href":"https:\/\/bychris-photography.com\/index.php?rest_route=\/wp\/v2\/media\/470"}],"wp:attachment":[{"href":"https:\/\/bychris-photography.com\/index.php?rest_route=%2Fwp%2Fv2%2Fmedia&parent=382"}],"curies":[{"name":"wp","href":"https:\/\/api.w.org\/{rel}","templated":true}]}}