{"id":507,"date":"2022-04-26T15:32:08","date_gmt":"2022-04-26T15:32:08","guid":{"rendered":"http:\/\/bychris-photography.com\/?page_id=507"},"modified":"2022-10-27T09:30:08","modified_gmt":"2022-10-27T09:30:08","slug":"les-differentes-prestations","status":"publish","type":"page","link":"https:\/\/bychris-photography.com\/?page_id=507","title":{"rendered":"Les diff\u00e9rentes prestations"},"content":{"rendered":"\n<p><a href=\"https:\/\/bychris-photography.com\/?page_id=27\">PORTRAITS<\/a><\/p>\n\n\n\n<p><a href=\"https:\/\/bychris-photography.com\/?page_id=360\">MATERNIT\u00c9<\/a><\/p>\n\n\n\n<p><a href=\"https:\/\/bychris-photography.com\/?page_id=334\">PHOTOGRAPHIE ANIMALI\u00c8RE<\/a><\/p>\n\n\n\n<p><a href=\"https:\/\/bychris-photography.com\/?page_id=382\">SERVICE DE RETOUCHE PHOTO<\/a><\/p>\n\n\n\n<p><a href=\"https:\/\/bychris-photography.com\/?page_id=422\">PACKSHOT<\/a><\/p>\n\n\n\n<p><a href=\"https:\/\/bychris-photography.com\/?page_id=497\">COURS PHOTO \u00c0 M\u00c2CON<\/a><\/p>\n\n\n\n<p><\/p>\n","protected":false},"excerpt":{"rendered":"<p>PORTRAITS MATERNIT\u00c9 PHOTOGRAPHIE ANIMALI\u00c8RE SERVICE DE RETOUCHE PHOTO PACKSHOT COURS PHOTO \u00c0 M\u00c2CON<\/p>\n","protected":false},"author":1,"featured_media":0,"parent":0,"menu_order":0,"comment_status":"closed","ping_status":"closed","template":"","meta":{"ngg_post_thumbnail":0,"inspiro_hide_title":false,"footnotes":""},"class_list":["post-507","page","type-page","status-publish","hentry"],"yoast_head":"<!-- This site is optimized with the Yoast SEO plugin v27.4 - https:\/\/yoast.com\/product\/yoast-seo-wordpress\/ -->\n<title>Les diff\u00e9rentes prestations - By Chris Photography Photographe de mariage &amp; portraits \u00e0 M\u00e2con<\/title>\n<meta name=\"robots\" content=\"index, follow, max-snippet:-1, max-image-preview:large, max-video-preview:-1\" \/>\n<link rel=\"canonical\" href=\"http:\/\/bychris-photography.com\/?page_id=507\" \/>\n<meta property=\"og:locale\" content=\"fr_FR\" \/>\n<meta property=\"og:type\" content=\"article\" \/>\n<meta property=\"og:title\" content=\"Les diff\u00e9rentes prestations - By Chris Photography Photographe de mariage &amp; portraits \u00e0 M\u00e2con\" \/>\n<meta property=\"og:description\" content=\"PORTRAITS MATERNIT\u00c9 PHOTOGRAPHIE ANIMALI\u00c8RE SERVICE DE RETOUCHE PHOTO PACKSHOT COURS PHOTO \u00c0 M\u00c2CON\" \/>\n<meta property=\"og:url\" content=\"http:\/\/bychris-photography.com\/?page_id=507\" \/>\n<meta property=\"og:site_name\" content=\"By Chris Photography Photographe de mariage &amp; portraits \u00e0 M\u00e2con\" \/>\n<meta property=\"article:publisher\" content=\"https:\/\/www.facebook.com\/bychrisphotography1\" \/>\n<meta property=\"article:modified_time\" content=\"2022-10-27T09:30:08+00:00\" \/>\n<meta name=\"twitter:card\" content=\"summary_large_image\" \/>\n<meta name=\"twitter:label1\" content=\"Dur\u00e9e de lecture estim\u00e9e\" \/>\n\t<meta name=\"twitter:data1\" content=\"1 minute\" \/>\n<script type=\"application\/ld+json\" class=\"yoast-schema-graph\">{\"@context\":\"https:\\\/\\\/schema.org\",\"@graph\":[{\"@type\":\"WebPage\",\"@id\":\"http:\\\/\\\/bychris-photography.com\\\/?page_id=507\",\"url\":\"http:\\\/\\\/bychris-photography.com\\\/?page_id=507\",\"name\":\"Les diff\u00e9rentes prestations - By Chris Photography Photographe de mariage &amp; portraits \u00e0 M\u00e2con\",\"isPartOf\":{\"@id\":\"http:\\\/\\\/bychris-photography.com\\\/#website\"},\"datePublished\":\"2022-04-26T15:32:08+00:00\",\"dateModified\":\"2022-10-27T09:30:08+00:00\",\"breadcrumb\":{\"@id\":\"http:\\\/\\\/bychris-photography.com\\\/?page_id=507#breadcrumb\"},\"inLanguage\":\"fr-FR\",\"potentialAction\":[{\"@type\":\"ReadAction\",\"target\":[\"http:\\\/\\\/bychris-photography.com\\\/?page_id=507\"]}]},{\"@type\":\"BreadcrumbList\",\"@id\":\"http:\\\/\\\/bychris-photography.com\\\/?page_id=507#breadcrumb\",\"itemListElement\":[{\"@type\":\"ListItem\",\"position\":1,\"name\":\"Accueil\",\"item\":\"http:\\\/\\\/bychris-photography.com\\\/\"},{\"@type\":\"ListItem\",\"position\":2,\"name\":\"Les diff\u00e9rentes prestations\"}]},{\"@type\":\"WebSite\",\"@id\":\"http:\\\/\\\/bychris-photography.com\\\/#website\",\"url\":\"http:\\\/\\\/bychris-photography.com\\\/\",\"name\":\"By Chris Photography Photographe de mariage &amp; portraits \u00e0 M\u00e2con\",\"description\":\"Faire de chaque instant une oeuvre d&#039;art\",\"publisher\":{\"@id\":\"http:\\\/\\\/bychris-photography.com\\\/#organization\"},\"potentialAction\":[{\"@type\":\"SearchAction\",\"target\":{\"@type\":\"EntryPoint\",\"urlTemplate\":\"http:\\\/\\\/bychris-photography.com\\\/?s={search_term_string}\"},\"query-input\":{\"@type\":\"PropertyValueSpecification\",\"valueRequired\":true,\"valueName\":\"search_term_string\"}}],\"inLanguage\":\"fr-FR\"},{\"@type\":\"Organization\",\"@id\":\"http:\\\/\\\/bychris-photography.com\\\/#organization\",\"name\":\"By Chris Photography - Photographe M\u00e2con & Lyon\",\"url\":\"http:\\\/\\\/bychris-photography.com\\\/\",\"logo\":{\"@type\":\"ImageObject\",\"inLanguage\":\"fr-FR\",\"@id\":\"http:\\\/\\\/bychris-photography.com\\\/#\\\/schema\\\/logo\\\/image\\\/\",\"url\":\"https:\\\/\\\/bychris-photography.com\\\/wp-content\\\/uploads\\\/2021\\\/05\\\/logochris.png\",\"contentUrl\":\"https:\\\/\\\/bychris-photography.com\\\/wp-content\\\/uploads\\\/2021\\\/05\\\/logochris.png\",\"width\":2480,\"height\":3508,\"caption\":\"By Chris Photography - Photographe M\u00e2con & Lyon\"},\"image\":{\"@id\":\"http:\\\/\\\/bychris-photography.com\\\/#\\\/schema\\\/logo\\\/image\\\/\"},\"sameAs\":[\"https:\\\/\\\/www.facebook.com\\\/bychrisphotography1\",\"https:\\\/\\\/www.instagram.com\\\/bychrisphotography\\\/?igshid=18c29j457gan7\"]}]}<\/script>\n<!-- \/ Yoast SEO plugin. -->","yoast_head_json":{"title":"Les diff\u00e9rentes prestations - By Chris Photography Photographe de mariage &amp; portraits \u00e0 M\u00e2con","robots":{"index":"index","follow":"follow","max-snippet":"max-snippet:-1","max-image-preview":"max-image-preview:large","max-video-preview":"max-video-preview:-1"},"canonical":"http:\/\/bychris-photography.com\/?page_id=507","og_locale":"fr_FR","og_type":"article","og_title":"Les diff\u00e9rentes prestations - By Chris Photography Photographe de mariage &amp; portraits \u00e0 M\u00e2con","og_description":"PORTRAITS MATERNIT\u00c9 PHOTOGRAPHIE ANIMALI\u00c8RE SERVICE DE RETOUCHE PHOTO PACKSHOT COURS PHOTO \u00c0 M\u00c2CON","og_url":"http:\/\/bychris-photography.com\/?page_id=507","og_site_name":"By Chris Photography Photographe de mariage &amp; portraits \u00e0 M\u00e2con","article_publisher":"https:\/\/www.facebook.com\/bychrisphotography1","article_modified_time":"2022-10-27T09:30:08+00:00","twitter_card":"summary_large_image","twitter_misc":{"Dur\u00e9e de lecture estim\u00e9e":"1 minute"},"schema":{"@context":"https:\/\/schema.org","@graph":[{"@type":"WebPage","@id":"http:\/\/bychris-photography.com\/?page_id=507","url":"http:\/\/bychris-photography.com\/?page_id=507","name":"Les diff\u00e9rentes prestations - By Chris Photography Photographe de mariage &amp; portraits \u00e0 M\u00e2con","isPartOf":{"@id":"http:\/\/bychris-photography.com\/#website"},"datePublished":"2022-04-26T15:32:08+00:00","dateModified":"2022-10-27T09:30:08+00:00","breadcrumb":{"@id":"http:\/\/bychris-photography.com\/?page_id=507#breadcrumb"},"inLanguage":"fr-FR","potentialAction":[{"@type":"ReadAction","target":["http:\/\/bychris-photography.com\/?page_id=507"]}]},{"@type":"BreadcrumbList","@id":"http:\/\/bychris-photography.com\/?page_id=507#breadcrumb","itemListElement":[{"@type":"ListItem","position":1,"name":"Accueil","item":"http:\/\/bychris-photography.com\/"},{"@type":"ListItem","position":2,"name":"Les diff\u00e9rentes prestations"}]},{"@type":"WebSite","@id":"http:\/\/bychris-photography.com\/#website","url":"http:\/\/bychris-photography.com\/","name":"By Chris Photography Photographe de mariage &amp; portraits \u00e0 M\u00e2con","description":"Faire de chaque instant une oeuvre d&#039;art","publisher":{"@id":"http:\/\/bychris-photography.com\/#organization"},"potentialAction":[{"@type":"SearchAction","target":{"@type":"EntryPoint","urlTemplate":"http:\/\/bychris-photography.com\/?s={search_term_string}"},"query-input":{"@type":"PropertyValueSpecification","valueRequired":true,"valueName":"search_term_string"}}],"inLanguage":"fr-FR"},{"@type":"Organization","@id":"http:\/\/bychris-photography.com\/#organization","name":"By Chris Photography - Photographe M\u00e2con & Lyon","url":"http:\/\/bychris-photography.com\/","logo":{"@type":"ImageObject","inLanguage":"fr-FR","@id":"http:\/\/bychris-photography.com\/#\/schema\/logo\/image\/","url":"https:\/\/bychris-photography.com\/wp-content\/uploads\/2021\/05\/logochris.png","contentUrl":"https:\/\/bychris-photography.com\/wp-content\/uploads\/2021\/05\/logochris.png","width":2480,"height":3508,"caption":"By Chris Photography - Photographe M\u00e2con & Lyon"},"image":{"@id":"http:\/\/bychris-photography.com\/#\/schema\/logo\/image\/"},"sameAs":["https:\/\/www.facebook.com\/bychrisphotography1","https:\/\/www.instagram.com\/bychrisphotography\/?igshid=18c29j457gan7"]}]}},"featured_media_urls":[],"_links":{"self":[{"href":"https:\/\/bychris-photography.com\/index.php?rest_route=\/wp\/v2\/pages\/507","targetHints":{"allow":["GET"]}}],"collection":[{"href":"https:\/\/bychris-photography.com\/index.php?rest_route=\/wp\/v2\/pages"}],"about":[{"href":"https:\/\/bychris-photography.com\/index.php?rest_route=\/wp\/v2\/types\/page"}],"author":[{"embeddable":true,"href":"https:\/\/bychris-photography.com\/index.php?rest_route=\/wp\/v2\/users\/1"}],"replies":[{"embeddable":true,"href":"https:\/\/bychris-photography.com\/index.php?rest_route=%2Fwp%2Fv2%2Fcomments&post=507"}],"version-history":[{"count":3,"href":"https:\/\/bychris-photography.com\/index.php?rest_route=\/wp\/v2\/pages\/507\/revisions"}],"predecessor-version":[{"id":663,"href":"https:\/\/bychris-photography.com\/index.php?rest_route=\/wp\/v2\/pages\/507\/revisions\/663"}],"wp:attachment":[{"href":"https:\/\/bychris-photography.com\/index.php?rest_route=%2Fwp%2Fv2%2Fmedia&parent=507"}],"curies":[{"name":"wp","href":"https:\/\/api.w.org\/{rel}","templated":true}]}}