{"id":540,"date":"2022-05-13T12:22:59","date_gmt":"2022-05-13T12:22:59","guid":{"rendered":"http:\/\/bychris-photography.com\/?page_id=540"},"modified":"2022-10-27T09:38:04","modified_gmt":"2022-10-27T09:38:04","slug":"galeries-clients","status":"publish","type":"page","link":"https:\/\/bychris-photography.com\/?page_id=540","title":{"rendered":"Galerie priv\u00e9es clients"},"content":{"rendered":"\n<p class=\"has-text-align-center\">Sur cette page se trouvent toutes les galeries clients. Cherchez simplement la galerie portant votre nom, et ins\u00e9rez le mot de passe que je vous ai transmis afin de pouvoir acc\u00e9der \u00e0 toutes les images. <\/p>\n\n\n\n<p class=\"has-text-align-center\">\u00c0 l&rsquo;int\u00e9rieur de la galerie, vous pourrez t\u00e9l\u00e9charger en version num\u00e9rique les photographies. Vous pourrez \u00e9galement commander des tirages ou agrandissements de chaque photo. <\/p>\n\n\n\n<p class=\"has-text-align-center\">N&rsquo;h\u00e9sitez pas \u00e0 me contacter <a href=\"https:\/\/bychris-photography.com\/?page_id=70\">en cliquant ici<\/a> si vous avez la moindre question concernant votre galerie ou bien concernant des tirages. <\/p>\n\n\n\n<p class=\"has-text-align-center\">Si vous le souhaitez, vous pouvez retrouver mes publications sur <a href=\"https:\/\/www.instagram.com\/bychrisphotography\/\">Instagram<\/a> ou sur <a href=\"https:\/\/www.facebook.com\/bychrisphotography1\">Facebook<\/a>.<\/p>\n\n\n\n<figure class=\"wp-block-image aligncenter size-thumbnail\"><img loading=\"lazy\" decoding=\"async\" width=\"150\" height=\"150\" src=\"https:\/\/bychris-photography.com\/wp-content\/uploads\/2022\/10\/logochris-150x150.png\" alt=\"galeries clients - by Chris photography\" class=\"wp-image-665\" srcset=\"https:\/\/bychris-photography.com\/wp-content\/uploads\/2022\/10\/logochris-150x150.png 150w, https:\/\/bychris-photography.com\/wp-content\/uploads\/2022\/10\/logochris-640x640.png 640w, https:\/\/bychris-photography.com\/wp-content\/uploads\/2022\/10\/logochris-960x960.png 960w, https:\/\/bychris-photography.com\/wp-content\/uploads\/2022\/10\/logochris-140x140.png 140w, https:\/\/bychris-photography.com\/wp-content\/uploads\/2022\/10\/logochris-50x50.png 50w, https:\/\/bychris-photography.com\/wp-content\/uploads\/2022\/10\/logochris-666x666.png 666w, https:\/\/bychris-photography.com\/wp-content\/uploads\/2022\/10\/logochris-80x80.png 80w, https:\/\/bychris-photography.com\/wp-content\/uploads\/2022\/10\/logochris-300x300.png 300w, https:\/\/bychris-photography.com\/wp-content\/uploads\/2022\/10\/logochris-100x100.png 100w\" sizes=\"auto, (max-width: 150px) 100vw, 150px\" \/><\/figure>\n\n\n\n<!--Lumys-->\n<div id=\"lumys-widget\"><\/div>\n<!--Lumys-->\n<script type=\"text\/javascript\">\n    var lumysUrl = \"https:\/\/app.lumys.photo\";\n    var lumysApiKey = \"622dct9dw2egh6bs\";\n    \/\/ var lumysCategory = \"votre cat\u00e9gorie\";\n    !function (d, s, w) {\n        if (d.getElementById(w)) return;\n        var g = d.createElement(s), e = d.getElementsByTagName(s)[0]; g.id = w;\n        g.src = lumysUrl + \"\/widget\/lumys-widget-v1.js\";\n        e.parentNode.insertBefore(g, e);\n    }(document, 'script', 'lumys-widget-loader');\n<\/script>\n<!--fin Lumys-->\n","protected":false},"excerpt":{"rendered":"<p>Sur cette page se trouvent toutes les galeries clients. Cherchez simplement la galerie portant votre nom, et ins\u00e9rez le mot de passe que je vous ai transmis afin de pouvoir acc\u00e9der \u00e0 toutes les images. \u00c0 l&rsquo;int\u00e9rieur de la galerie, vous pourrez t\u00e9l\u00e9charger en version num\u00e9rique les photographies. Vous pourrez \u00e9galement commander des tirages ou &hellip; <\/p>\n<p class=\"link-more\"><a href=\"https:\/\/bychris-photography.com\/?page_id=540\" class=\"more-link\">Lire la suite de<span class=\"screen-reader-text\">\u00ab\u00a0Galerie priv\u00e9es clients\u00a0\u00bb<\/span><\/a><\/p>\n","protected":false},"author":1,"featured_media":0,"parent":0,"menu_order":0,"comment_status":"closed","ping_status":"closed","template":"","meta":{"ngg_post_thumbnail":0,"inspiro_hide_title":false,"footnotes":""},"class_list":["post-540","page","type-page","status-publish","hentry"],"yoast_head":"<!-- This site is optimized with the Yoast SEO plugin v27.4 - https:\/\/yoast.com\/product\/yoast-seo-wordpress\/ -->\n<title>Galeries clients - By Chris Photography - Photographe \u00e0 M\u00e2con<\/title>\n<meta name=\"description\" content=\"Galeries clients - Vous retrouverez ici les galeries contenant les photos que nous avons r\u00e9alis\u00e9es ensemble !\" \/>\n<meta name=\"robots\" content=\"index, follow, max-snippet:-1, max-image-preview:large, max-video-preview:-1\" \/>\n<link rel=\"canonical\" href=\"http:\/\/bychris-photography.com\/?page_id=540\" \/>\n<meta property=\"og:locale\" content=\"fr_FR\" \/>\n<meta property=\"og:type\" content=\"article\" \/>\n<meta property=\"og:title\" content=\"Galeries clients - By Chris Photography - Photographe \u00e0 M\u00e2con\" \/>\n<meta property=\"og:description\" content=\"Galeries clients - Vous retrouverez ici les galeries contenant les photos que nous avons r\u00e9alis\u00e9es ensemble !\" \/>\n<meta property=\"og:url\" content=\"http:\/\/bychris-photography.com\/?page_id=540\" \/>\n<meta property=\"og:site_name\" content=\"By Chris Photography Photographe de mariage &amp; portraits \u00e0 M\u00e2con\" \/>\n<meta property=\"article:publisher\" content=\"https:\/\/www.facebook.com\/bychrisphotography1\" \/>\n<meta property=\"article:modified_time\" content=\"2022-10-27T09:38:04+00:00\" \/>\n<meta property=\"og:image\" content=\"http:\/\/bychris-photography.com\/wp-content\/uploads\/2022\/10\/logochris-150x150.png\" \/>\n<meta name=\"twitter:card\" content=\"summary_large_image\" \/>\n<meta name=\"twitter:label1\" content=\"Dur\u00e9e de lecture estim\u00e9e\" \/>\n\t<meta name=\"twitter:data1\" content=\"1 minute\" \/>\n<script type=\"application\/ld+json\" class=\"yoast-schema-graph\">{\"@context\":\"https:\\\/\\\/schema.org\",\"@graph\":[{\"@type\":\"WebPage\",\"@id\":\"http:\\\/\\\/bychris-photography.com\\\/?page_id=540\",\"url\":\"http:\\\/\\\/bychris-photography.com\\\/?page_id=540\",\"name\":\"Galeries clients - By Chris Photography - Photographe \u00e0 M\u00e2con\",\"isPartOf\":{\"@id\":\"http:\\\/\\\/bychris-photography.com\\\/#website\"},\"primaryImageOfPage\":{\"@id\":\"http:\\\/\\\/bychris-photography.com\\\/?page_id=540#primaryimage\"},\"image\":{\"@id\":\"http:\\\/\\\/bychris-photography.com\\\/?page_id=540#primaryimage\"},\"thumbnailUrl\":\"https:\\\/\\\/bychris-photography.com\\\/wp-content\\\/uploads\\\/2022\\\/10\\\/logochris-150x150.png\",\"datePublished\":\"2022-05-13T12:22:59+00:00\",\"dateModified\":\"2022-10-27T09:38:04+00:00\",\"description\":\"Galeries clients - Vous retrouverez ici les galeries contenant les photos que nous avons r\u00e9alis\u00e9es ensemble !\",\"breadcrumb\":{\"@id\":\"http:\\\/\\\/bychris-photography.com\\\/?page_id=540#breadcrumb\"},\"inLanguage\":\"fr-FR\",\"potentialAction\":[{\"@type\":\"ReadAction\",\"target\":[\"http:\\\/\\\/bychris-photography.com\\\/?page_id=540\"]}]},{\"@type\":\"ImageObject\",\"inLanguage\":\"fr-FR\",\"@id\":\"http:\\\/\\\/bychris-photography.com\\\/?page_id=540#primaryimage\",\"url\":\"https:\\\/\\\/bychris-photography.com\\\/wp-content\\\/uploads\\\/2022\\\/10\\\/logochris.png\",\"contentUrl\":\"https:\\\/\\\/bychris-photography.com\\\/wp-content\\\/uploads\\\/2022\\\/10\\\/logochris.png\",\"width\":2480,\"height\":3508},{\"@type\":\"BreadcrumbList\",\"@id\":\"http:\\\/\\\/bychris-photography.com\\\/?page_id=540#breadcrumb\",\"itemListElement\":[{\"@type\":\"ListItem\",\"position\":1,\"name\":\"Accueil\",\"item\":\"http:\\\/\\\/bychris-photography.com\\\/\"},{\"@type\":\"ListItem\",\"position\":2,\"name\":\"Galerie priv\u00e9es clients\"}]},{\"@type\":\"WebSite\",\"@id\":\"http:\\\/\\\/bychris-photography.com\\\/#website\",\"url\":\"http:\\\/\\\/bychris-photography.com\\\/\",\"name\":\"By Chris Photography Photographe de mariage &amp; portraits \u00e0 M\u00e2con\",\"description\":\"Faire de chaque instant une oeuvre d&#039;art\",\"publisher\":{\"@id\":\"http:\\\/\\\/bychris-photography.com\\\/#organization\"},\"potentialAction\":[{\"@type\":\"SearchAction\",\"target\":{\"@type\":\"EntryPoint\",\"urlTemplate\":\"http:\\\/\\\/bychris-photography.com\\\/?s={search_term_string}\"},\"query-input\":{\"@type\":\"PropertyValueSpecification\",\"valueRequired\":true,\"valueName\":\"search_term_string\"}}],\"inLanguage\":\"fr-FR\"},{\"@type\":\"Organization\",\"@id\":\"http:\\\/\\\/bychris-photography.com\\\/#organization\",\"name\":\"By Chris Photography - Photographe M\u00e2con & Lyon\",\"url\":\"http:\\\/\\\/bychris-photography.com\\\/\",\"logo\":{\"@type\":\"ImageObject\",\"inLanguage\":\"fr-FR\",\"@id\":\"http:\\\/\\\/bychris-photography.com\\\/#\\\/schema\\\/logo\\\/image\\\/\",\"url\":\"https:\\\/\\\/bychris-photography.com\\\/wp-content\\\/uploads\\\/2021\\\/05\\\/logochris.png\",\"contentUrl\":\"https:\\\/\\\/bychris-photography.com\\\/wp-content\\\/uploads\\\/2021\\\/05\\\/logochris.png\",\"width\":2480,\"height\":3508,\"caption\":\"By Chris Photography - Photographe M\u00e2con & Lyon\"},\"image\":{\"@id\":\"http:\\\/\\\/bychris-photography.com\\\/#\\\/schema\\\/logo\\\/image\\\/\"},\"sameAs\":[\"https:\\\/\\\/www.facebook.com\\\/bychrisphotography1\",\"https:\\\/\\\/www.instagram.com\\\/bychrisphotography\\\/?igshid=18c29j457gan7\"]}]}<\/script>\n<!-- \/ Yoast SEO plugin. -->","yoast_head_json":{"title":"Galeries clients - By Chris Photography - Photographe \u00e0 M\u00e2con","description":"Galeries clients - Vous retrouverez ici les galeries contenant les photos que nous avons r\u00e9alis\u00e9es ensemble !","robots":{"index":"index","follow":"follow","max-snippet":"max-snippet:-1","max-image-preview":"max-image-preview:large","max-video-preview":"max-video-preview:-1"},"canonical":"http:\/\/bychris-photography.com\/?page_id=540","og_locale":"fr_FR","og_type":"article","og_title":"Galeries clients - By Chris Photography - Photographe \u00e0 M\u00e2con","og_description":"Galeries clients - Vous retrouverez ici les galeries contenant les photos que nous avons r\u00e9alis\u00e9es ensemble !","og_url":"http:\/\/bychris-photography.com\/?page_id=540","og_site_name":"By Chris Photography Photographe de mariage &amp; portraits \u00e0 M\u00e2con","article_publisher":"https:\/\/www.facebook.com\/bychrisphotography1","article_modified_time":"2022-10-27T09:38:04+00:00","og_image":[{"url":"http:\/\/bychris-photography.com\/wp-content\/uploads\/2022\/10\/logochris-150x150.png","type":"","width":"","height":""}],"twitter_card":"summary_large_image","twitter_misc":{"Dur\u00e9e de lecture estim\u00e9e":"1 minute"},"schema":{"@context":"https:\/\/schema.org","@graph":[{"@type":"WebPage","@id":"http:\/\/bychris-photography.com\/?page_id=540","url":"http:\/\/bychris-photography.com\/?page_id=540","name":"Galeries clients - By Chris Photography - Photographe \u00e0 M\u00e2con","isPartOf":{"@id":"http:\/\/bychris-photography.com\/#website"},"primaryImageOfPage":{"@id":"http:\/\/bychris-photography.com\/?page_id=540#primaryimage"},"image":{"@id":"http:\/\/bychris-photography.com\/?page_id=540#primaryimage"},"thumbnailUrl":"https:\/\/bychris-photography.com\/wp-content\/uploads\/2022\/10\/logochris-150x150.png","datePublished":"2022-05-13T12:22:59+00:00","dateModified":"2022-10-27T09:38:04+00:00","description":"Galeries clients - Vous retrouverez ici les galeries contenant les photos que nous avons r\u00e9alis\u00e9es ensemble !","breadcrumb":{"@id":"http:\/\/bychris-photography.com\/?page_id=540#breadcrumb"},"inLanguage":"fr-FR","potentialAction":[{"@type":"ReadAction","target":["http:\/\/bychris-photography.com\/?page_id=540"]}]},{"@type":"ImageObject","inLanguage":"fr-FR","@id":"http:\/\/bychris-photography.com\/?page_id=540#primaryimage","url":"https:\/\/bychris-photography.com\/wp-content\/uploads\/2022\/10\/logochris.png","contentUrl":"https:\/\/bychris-photography.com\/wp-content\/uploads\/2022\/10\/logochris.png","width":2480,"height":3508},{"@type":"BreadcrumbList","@id":"http:\/\/bychris-photography.com\/?page_id=540#breadcrumb","itemListElement":[{"@type":"ListItem","position":1,"name":"Accueil","item":"http:\/\/bychris-photography.com\/"},{"@type":"ListItem","position":2,"name":"Galerie priv\u00e9es clients"}]},{"@type":"WebSite","@id":"http:\/\/bychris-photography.com\/#website","url":"http:\/\/bychris-photography.com\/","name":"By Chris Photography Photographe de mariage &amp; portraits \u00e0 M\u00e2con","description":"Faire de chaque instant une oeuvre d&#039;art","publisher":{"@id":"http:\/\/bychris-photography.com\/#organization"},"potentialAction":[{"@type":"SearchAction","target":{"@type":"EntryPoint","urlTemplate":"http:\/\/bychris-photography.com\/?s={search_term_string}"},"query-input":{"@type":"PropertyValueSpecification","valueRequired":true,"valueName":"search_term_string"}}],"inLanguage":"fr-FR"},{"@type":"Organization","@id":"http:\/\/bychris-photography.com\/#organization","name":"By Chris Photography - Photographe M\u00e2con & Lyon","url":"http:\/\/bychris-photography.com\/","logo":{"@type":"ImageObject","inLanguage":"fr-FR","@id":"http:\/\/bychris-photography.com\/#\/schema\/logo\/image\/","url":"https:\/\/bychris-photography.com\/wp-content\/uploads\/2021\/05\/logochris.png","contentUrl":"https:\/\/bychris-photography.com\/wp-content\/uploads\/2021\/05\/logochris.png","width":2480,"height":3508,"caption":"By Chris Photography - Photographe M\u00e2con & Lyon"},"image":{"@id":"http:\/\/bychris-photography.com\/#\/schema\/logo\/image\/"},"sameAs":["https:\/\/www.facebook.com\/bychrisphotography1","https:\/\/www.instagram.com\/bychrisphotography\/?igshid=18c29j457gan7"]}]}},"featured_media_urls":[],"_links":{"self":[{"href":"https:\/\/bychris-photography.com\/index.php?rest_route=\/wp\/v2\/pages\/540","targetHints":{"allow":["GET"]}}],"collection":[{"href":"https:\/\/bychris-photography.com\/index.php?rest_route=\/wp\/v2\/pages"}],"about":[{"href":"https:\/\/bychris-photography.com\/index.php?rest_route=\/wp\/v2\/types\/page"}],"author":[{"embeddable":true,"href":"https:\/\/bychris-photography.com\/index.php?rest_route=\/wp\/v2\/users\/1"}],"replies":[{"embeddable":true,"href":"https:\/\/bychris-photography.com\/index.php?rest_route=%2Fwp%2Fv2%2Fcomments&post=540"}],"version-history":[{"count":3,"href":"https:\/\/bychris-photography.com\/index.php?rest_route=\/wp\/v2\/pages\/540\/revisions"}],"predecessor-version":[{"id":666,"href":"https:\/\/bychris-photography.com\/index.php?rest_route=\/wp\/v2\/pages\/540\/revisions\/666"}],"wp:attachment":[{"href":"https:\/\/bychris-photography.com\/index.php?rest_route=%2Fwp%2Fv2%2Fmedia&parent=540"}],"curies":[{"name":"wp","href":"https:\/\/api.w.org\/{rel}","templated":true}]}}