{"id":58,"date":"2021-05-23T20:50:56","date_gmt":"2021-05-23T20:50:56","guid":{"rendered":"http:\/\/bychris-photography.com\/?page_id=58"},"modified":"2024-12-01T17:45:58","modified_gmt":"2024-12-01T17:45:58","slug":"a-propos","status":"publish","type":"page","link":"https:\/\/bychris-photography.com\/?page_id=58","title":{"rendered":"\u00c0 propos de moi&#8230;"},"content":{"rendered":"\n<div class=\"wp-block-media-text alignwide is-stacked-on-mobile\"><figure class=\"wp-block-media-text__media\"><img loading=\"lazy\" decoding=\"async\" width=\"683\" height=\"1024\" src=\"https:\/\/bychris-photography.com\/wp-content\/uploads\/2021\/12\/A-pour-changement-683x1024.jpg\" alt=\"\u00c0 propos - By Chris Photography\" class=\"wp-image-255 size-full\" srcset=\"https:\/\/bychris-photography.com\/wp-content\/uploads\/2021\/12\/A-pour-changement-683x1024.jpg 683w, https:\/\/bychris-photography.com\/wp-content\/uploads\/2021\/12\/A-pour-changement-scaled-600x900.jpg 600w, https:\/\/bychris-photography.com\/wp-content\/uploads\/2021\/12\/A-pour-changement-200x300.jpg 200w, https:\/\/bychris-photography.com\/wp-content\/uploads\/2021\/12\/A-pour-changement-768x1152.jpg 768w, https:\/\/bychris-photography.com\/wp-content\/uploads\/2021\/12\/A-pour-changement-1024x1536.jpg 1024w, https:\/\/bychris-photography.com\/wp-content\/uploads\/2021\/12\/A-pour-changement-1365x2048.jpg 1365w, https:\/\/bychris-photography.com\/wp-content\/uploads\/2021\/12\/A-pour-changement-scaled.jpg 1707w\" sizes=\"auto, (max-width: 683px) 100vw, 683px\" \/><\/figure><div class=\"wp-block-media-text__content\">\n<p>Que dire \u00e0 propos de moi ? <\/p>\n\n\n\n<p>Je m&rsquo;appelle Christopher, j&rsquo;ai 27 ans, et j&rsquo;ai toujours \u00e9t\u00e9 passionn\u00e9 de photographie, \u00e0 vrai dire j&rsquo;en ai toujours fait.<\/p>\n\n\n\n<p>Dans ma vie, j&rsquo;ai port\u00e9 plusieurs casquettes. J&rsquo;ai d&rsquo;abord voulu travailler dans le domaine \u00e9questre (j&rsquo;ai \u00e9t\u00e9 cavalier pendant 14 ans). Puis j&rsquo;ai entrepris des \u00e9tudes en banque pour la s\u00e9curit\u00e9 de l&#8217;emploi. Pour finalement me rendre compte que j&rsquo;avais envie de faire un m\u00e9tier pour lequel je suis vraiment passionn\u00e9, et o\u00f9 je prendrais du plaisir.<\/p>\n\n\n\n<p>J&rsquo;ai donc d\u00e9cid\u00e9 de me lancer en tant que photographe professionnel \u00e0 mon compte. Depuis, je me suis principalement tourner vers le portrait. Mais aussi la photo de mode, les photos plus artistiques (mais toujours dans le portrait) ainsi que les photos d&rsquo;\u00e9v\u00e8nements.<br>Je fais tout de m\u00eame \u00e9galement de la photo de paysage, de produits, ainsi que de la photo animali\u00e8re pour les animaux de compagnie !<\/p>\n\n\n\n<p class=\"has-white-color has-text-color\">La photographie a toujours \u00e9t\u00e9 une vraie passion, j&rsquo;ai toujours aim\u00e9 cette capacit\u00e9 qu&rsquo;\u00e0 la photo de figer dans le temps un instant, une \u00e9motion. Je consid\u00e8re que chaque moment, chaque personne peut \u00eatre une part d&rsquo;une nouvelle oeuvre d&rsquo;art. Mon r\u00f4le est de faire de chaque instant une oeuvre d&rsquo;art. <\/p>\n\n\n\n<p class=\"has-white-color has-text-color\">\u00c0 c\u00f4t\u00e9 de la photographie je pratique la randonn\u00e9e, j&rsquo;\u00e9cris beaucoup, et je joue du piano. <\/p>\n\n\n<style>.wp-block-kadence-icon.kt-svg-icons58_cde69c-9b{justify-content:center;}<\/style>\n<div class=\"wp-block-kadence-icon kt-svg-icons kt-svg-icons58_cde69c-9b alignnone\"><style>.kt-svg-item-58_222545-f9 .kb-svg-icon-wrap, .kt-svg-style-stacked.kt-svg-item-58_222545-f9 .kb-svg-icon-wrap{color:#444444;font-size:50px;}<\/style>\n<div class=\"wp-block-kadence-single-icon kt-svg-style-default kt-svg-icon-wrap kt-svg-item-58_222545-f9\"><a href=\"https:\/\/www.instagram.com\/bychrisphotography\/?igshid=18c29j457gan7\" class=\"kt-svg-icon-link\"><span class=\"kb-svg-icon-wrap kb-svg-icon-fa_instagram\"><svg viewBox=\"0 0 448 512\"  fill=\"currentColor\" xmlns=\"http:\/\/www.w3.org\/2000\/svg\"  aria-hidden=\"true\"><path d=\"M224.1 141c-63.6 0-114.9 51.3-114.9 114.9s51.3 114.9 114.9 114.9S339 319.5 339 255.9 287.7 141 224.1 141zm0 189.6c-41.1 0-74.7-33.5-74.7-74.7s33.5-74.7 74.7-74.7 74.7 33.5 74.7 74.7-33.6 74.7-74.7 74.7zm146.4-194.3c0 14.9-12 26.8-26.8 26.8-14.9 0-26.8-12-26.8-26.8s12-26.8 26.8-26.8 26.8 12 26.8 26.8zm76.1 27.2c-1.7-35.9-9.9-67.7-36.2-93.9-26.2-26.2-58-34.4-93.9-36.2-37-2.1-147.9-2.1-184.9 0-35.8 1.7-67.6 9.9-93.9 36.1s-34.4 58-36.2 93.9c-2.1 37-2.1 147.9 0 184.9 1.7 35.9 9.9 67.7 36.2 93.9s58 34.4 93.9 36.2c37 2.1 147.9 2.1 184.9 0 35.9-1.7 67.7-9.9 93.9-36.2 26.2-26.2 34.4-58 36.2-93.9 2.1-37 2.1-147.8 0-184.8zM398.8 388c-7.8 19.6-22.9 34.7-42.6 42.6-29.5 11.7-99.5 9-132.1 9s-102.7 2.6-132.1-9c-19.6-7.8-34.7-22.9-42.6-42.6-11.7-29.5-9-99.5-9-132.1s-2.6-102.7 9-132.1c7.8-19.6 22.9-34.7 42.6-42.6 29.5-11.7 99.5-9 132.1-9s102.7-2.6 132.1 9c19.6 7.8 34.7 22.9 42.6 42.6 11.7 29.5 9 99.5 9 132.1s2.7 102.7-9 132.1z\"\/><\/svg><\/span><\/a><\/div>\n<\/div>\n\n\n<style>.wp-block-kadence-advancedbtn.kb-btns58_16e83c-aa{gap:var(--global-kb-gap-xs, 0.5rem );justify-content:center;align-items:center;}.kt-btns58_16e83c-aa .kt-button{font-weight:normal;font-style:normal;}<\/style>\n<div class=\"wp-block-kadence-advancedbtn kb-buttons-wrap kb-btns58_16e83c-aa\"><style>ul.menu .wp-block-kadence-advancedbtn .kb-btn58_2138cd-49.kb-button{width:initial;}.wp-block-kadence-advancedbtn .kb-btn58_2138cd-49.kb-button{color:#555555;background:#ffa751;border-top-color:#555555;border-top-style:solid;border-right-color:#555555;border-right-style:solid;border-bottom-color:#555555;border-bottom-style:solid;border-left-color:#555555;border-left-style:solid;}.wp-block-kadence-advancedbtn .kb-btn58_2138cd-49.kb-button:hover, .wp-block-kadence-advancedbtn .kb-btn58_2138cd-49.kb-button:focus{color:#ffffff;background:#444444;border-top-color:#444444;border-top-style:solid;border-right-color:#444444;border-right-style:solid;border-bottom-color:#444444;border-bottom-style:solid;border-left-color:#444444;border-left-style:solid;}@media all and (max-width: 1024px){.wp-block-kadence-advancedbtn .kb-btn58_2138cd-49.kb-button{border-top-color:#555555;border-top-style:solid;border-right-color:#555555;border-right-style:solid;border-bottom-color:#555555;border-bottom-style:solid;border-left-color:#555555;border-left-style:solid;}}@media all and (max-width: 1024px){.wp-block-kadence-advancedbtn .kb-btn58_2138cd-49.kb-button:hover, .wp-block-kadence-advancedbtn .kb-btn58_2138cd-49.kb-button:focus{border-top-color:#444444;border-top-style:solid;border-right-color:#444444;border-right-style:solid;border-bottom-color:#444444;border-bottom-style:solid;border-left-color:#444444;border-left-style:solid;}}@media all and (max-width: 767px){.wp-block-kadence-advancedbtn .kb-btn58_2138cd-49.kb-button{border-top-color:#555555;border-top-style:solid;border-right-color:#555555;border-right-style:solid;border-bottom-color:#555555;border-bottom-style:solid;border-left-color:#555555;border-left-style:solid;}.wp-block-kadence-advancedbtn .kb-btn58_2138cd-49.kb-button:hover, .wp-block-kadence-advancedbtn .kb-btn58_2138cd-49.kb-button:focus{border-top-color:#444444;border-top-style:solid;border-right-color:#444444;border-right-style:solid;border-bottom-color:#444444;border-bottom-style:solid;border-left-color:#444444;border-left-style:solid;}}<\/style><a class=\"kb-button kt-button button kb-btn58_2138cd-49 kt-btn-size-standard kt-btn-width-type-auto kb-btn-global-outline  kt-btn-has-text-true kt-btn-has-svg-false  wp-block-kadence-singlebtn\" href=\"https:\/\/bychris-photography.com\/?page_id=70\"><span class=\"kt-btn-inner-text\">Contactez-moi<\/span><\/a><\/div>\n<\/div><\/div>\n","protected":false},"excerpt":{"rendered":"","protected":false},"author":1,"featured_media":0,"parent":0,"menu_order":0,"comment_status":"closed","ping_status":"closed","template":"","meta":{"ngg_post_thumbnail":0,"inspiro_hide_title":false,"footnotes":""},"class_list":["post-58","page","type-page","status-publish","hentry"],"yoast_head":"<!-- This site is optimized with the Yoast SEO plugin v27.5 - https:\/\/yoast.com\/product\/yoast-seo-wordpress\/ -->\n<title>\u00c0 propos - Photographe \u00e0 M\u00e2con et Lyon - By Chris Photography<\/title>\n<meta name=\"description\" content=\"\u00c0 propos - By Chris Photography - Apprenez en plus sur qui je suis, et ce qui m&#039;a conduit \u00e0 devenir photographe professionnel.\" \/>\n<meta name=\"robots\" content=\"index, follow, max-snippet:-1, max-image-preview:large, max-video-preview:-1\" \/>\n<link rel=\"canonical\" href=\"https:\/\/bychris-photography.com\/?page_id=58\" \/>\n<meta property=\"og:locale\" content=\"fr_FR\" \/>\n<meta property=\"og:type\" content=\"article\" \/>\n<meta property=\"og:title\" content=\"\u00c0 propos - Photographe \u00e0 M\u00e2con et Lyon - By Chris Photography\" \/>\n<meta property=\"og:description\" content=\"\u00c0 propos - By Chris Photography - Apprenez en plus sur qui je suis, et ce qui m&#039;a conduit \u00e0 devenir photographe professionnel.\" \/>\n<meta property=\"og:url\" content=\"https:\/\/bychris-photography.com\/?page_id=58\" \/>\n<meta property=\"og:site_name\" content=\"By Chris Photography Photographe de mariage &amp; portraits \u00e0 M\u00e2con\" \/>\n<meta property=\"article:publisher\" content=\"https:\/\/www.facebook.com\/bychrisphotography1\" \/>\n<meta property=\"article:modified_time\" content=\"2024-12-01T17:45:58+00:00\" \/>\n<meta property=\"og:image\" content=\"https:\/\/bychris-photography.com\/wp-content\/uploads\/2021\/12\/A-pour-changement-scaled.jpg\" \/>\n\t<meta property=\"og:image:width\" content=\"1707\" \/>\n\t<meta property=\"og:image:height\" content=\"2560\" \/>\n\t<meta property=\"og:image:type\" content=\"image\/jpeg\" \/>\n<meta name=\"twitter:card\" content=\"summary_large_image\" \/>\n<meta name=\"twitter:label1\" content=\"Dur\u00e9e de lecture estim\u00e9e\" \/>\n\t<meta name=\"twitter:data1\" content=\"2 minutes\" \/>\n<script type=\"application\/ld+json\" class=\"yoast-schema-graph\">{\"@context\":\"https:\\\/\\\/schema.org\",\"@graph\":[{\"@type\":\"WebPage\",\"@id\":\"https:\\\/\\\/bychris-photography.com\\\/?page_id=58\",\"url\":\"https:\\\/\\\/bychris-photography.com\\\/?page_id=58\",\"name\":\"\u00c0 propos - Photographe \u00e0 M\u00e2con et Lyon - By Chris Photography\",\"isPartOf\":{\"@id\":\"http:\\\/\\\/bychris-photography.com\\\/#website\"},\"primaryImageOfPage\":{\"@id\":\"https:\\\/\\\/bychris-photography.com\\\/?page_id=58#primaryimage\"},\"image\":{\"@id\":\"https:\\\/\\\/bychris-photography.com\\\/?page_id=58#primaryimage\"},\"thumbnailUrl\":\"https:\\\/\\\/bychris-photography.com\\\/wp-content\\\/uploads\\\/2021\\\/12\\\/A-pour-changement-683x1024.jpg\",\"datePublished\":\"2021-05-23T20:50:56+00:00\",\"dateModified\":\"2024-12-01T17:45:58+00:00\",\"description\":\"\u00c0 propos - By Chris Photography - Apprenez en plus sur qui je suis, et ce qui m'a conduit \u00e0 devenir photographe professionnel.\",\"breadcrumb\":{\"@id\":\"https:\\\/\\\/bychris-photography.com\\\/?page_id=58#breadcrumb\"},\"inLanguage\":\"fr-FR\",\"potentialAction\":[{\"@type\":\"ReadAction\",\"target\":[\"https:\\\/\\\/bychris-photography.com\\\/?page_id=58\"]}]},{\"@type\":\"ImageObject\",\"inLanguage\":\"fr-FR\",\"@id\":\"https:\\\/\\\/bychris-photography.com\\\/?page_id=58#primaryimage\",\"url\":\"https:\\\/\\\/bychris-photography.com\\\/wp-content\\\/uploads\\\/2021\\\/12\\\/A-pour-changement-scaled.jpg\",\"contentUrl\":\"https:\\\/\\\/bychris-photography.com\\\/wp-content\\\/uploads\\\/2021\\\/12\\\/A-pour-changement-scaled.jpg\",\"width\":1707,\"height\":2560},{\"@type\":\"BreadcrumbList\",\"@id\":\"https:\\\/\\\/bychris-photography.com\\\/?page_id=58#breadcrumb\",\"itemListElement\":[{\"@type\":\"ListItem\",\"position\":1,\"name\":\"Accueil\",\"item\":\"http:\\\/\\\/bychris-photography.com\\\/\"},{\"@type\":\"ListItem\",\"position\":2,\"name\":\"\u00c0 propos de moi&#8230;\"}]},{\"@type\":\"WebSite\",\"@id\":\"http:\\\/\\\/bychris-photography.com\\\/#website\",\"url\":\"http:\\\/\\\/bychris-photography.com\\\/\",\"name\":\"By Chris Photography Photographe de mariage &amp; portraits \u00e0 M\u00e2con\",\"description\":\"Faire de chaque instant une oeuvre d&#039;art\",\"publisher\":{\"@id\":\"http:\\\/\\\/bychris-photography.com\\\/#organization\"},\"potentialAction\":[{\"@type\":\"SearchAction\",\"target\":{\"@type\":\"EntryPoint\",\"urlTemplate\":\"http:\\\/\\\/bychris-photography.com\\\/?s={search_term_string}\"},\"query-input\":{\"@type\":\"PropertyValueSpecification\",\"valueRequired\":true,\"valueName\":\"search_term_string\"}}],\"inLanguage\":\"fr-FR\"},{\"@type\":\"Organization\",\"@id\":\"http:\\\/\\\/bychris-photography.com\\\/#organization\",\"name\":\"By Chris Photography - Photographe M\u00e2con & Lyon\",\"url\":\"http:\\\/\\\/bychris-photography.com\\\/\",\"logo\":{\"@type\":\"ImageObject\",\"inLanguage\":\"fr-FR\",\"@id\":\"http:\\\/\\\/bychris-photography.com\\\/#\\\/schema\\\/logo\\\/image\\\/\",\"url\":\"https:\\\/\\\/bychris-photography.com\\\/wp-content\\\/uploads\\\/2021\\\/05\\\/logochris.png\",\"contentUrl\":\"https:\\\/\\\/bychris-photography.com\\\/wp-content\\\/uploads\\\/2021\\\/05\\\/logochris.png\",\"width\":2480,\"height\":3508,\"caption\":\"By Chris Photography - Photographe M\u00e2con & Lyon\"},\"image\":{\"@id\":\"http:\\\/\\\/bychris-photography.com\\\/#\\\/schema\\\/logo\\\/image\\\/\"},\"sameAs\":[\"https:\\\/\\\/www.facebook.com\\\/bychrisphotography1\",\"https:\\\/\\\/www.instagram.com\\\/bychrisphotography\\\/?igshid=18c29j457gan7\"]}]}<\/script>\n<!-- \/ Yoast SEO plugin. -->","yoast_head_json":{"title":"\u00c0 propos - Photographe \u00e0 M\u00e2con et Lyon - By Chris Photography","description":"\u00c0 propos - By Chris Photography - Apprenez en plus sur qui je suis, et ce qui m'a conduit \u00e0 devenir photographe professionnel.","robots":{"index":"index","follow":"follow","max-snippet":"max-snippet:-1","max-image-preview":"max-image-preview:large","max-video-preview":"max-video-preview:-1"},"canonical":"https:\/\/bychris-photography.com\/?page_id=58","og_locale":"fr_FR","og_type":"article","og_title":"\u00c0 propos - Photographe \u00e0 M\u00e2con et Lyon - By Chris Photography","og_description":"\u00c0 propos - By Chris Photography - Apprenez en plus sur qui je suis, et ce qui m'a conduit \u00e0 devenir photographe professionnel.","og_url":"https:\/\/bychris-photography.com\/?page_id=58","og_site_name":"By Chris Photography Photographe de mariage &amp; portraits \u00e0 M\u00e2con","article_publisher":"https:\/\/www.facebook.com\/bychrisphotography1","article_modified_time":"2024-12-01T17:45:58+00:00","og_image":[{"width":1707,"height":2560,"url":"https:\/\/bychris-photography.com\/wp-content\/uploads\/2021\/12\/A-pour-changement-scaled.jpg","type":"image\/jpeg"}],"twitter_card":"summary_large_image","twitter_misc":{"Dur\u00e9e de lecture estim\u00e9e":"2 minutes"},"schema":{"@context":"https:\/\/schema.org","@graph":[{"@type":"WebPage","@id":"https:\/\/bychris-photography.com\/?page_id=58","url":"https:\/\/bychris-photography.com\/?page_id=58","name":"\u00c0 propos - Photographe \u00e0 M\u00e2con et Lyon - By Chris Photography","isPartOf":{"@id":"http:\/\/bychris-photography.com\/#website"},"primaryImageOfPage":{"@id":"https:\/\/bychris-photography.com\/?page_id=58#primaryimage"},"image":{"@id":"https:\/\/bychris-photography.com\/?page_id=58#primaryimage"},"thumbnailUrl":"https:\/\/bychris-photography.com\/wp-content\/uploads\/2021\/12\/A-pour-changement-683x1024.jpg","datePublished":"2021-05-23T20:50:56+00:00","dateModified":"2024-12-01T17:45:58+00:00","description":"\u00c0 propos - By Chris Photography - Apprenez en plus sur qui je suis, et ce qui m'a conduit \u00e0 devenir photographe professionnel.","breadcrumb":{"@id":"https:\/\/bychris-photography.com\/?page_id=58#breadcrumb"},"inLanguage":"fr-FR","potentialAction":[{"@type":"ReadAction","target":["https:\/\/bychris-photography.com\/?page_id=58"]}]},{"@type":"ImageObject","inLanguage":"fr-FR","@id":"https:\/\/bychris-photography.com\/?page_id=58#primaryimage","url":"https:\/\/bychris-photography.com\/wp-content\/uploads\/2021\/12\/A-pour-changement-scaled.jpg","contentUrl":"https:\/\/bychris-photography.com\/wp-content\/uploads\/2021\/12\/A-pour-changement-scaled.jpg","width":1707,"height":2560},{"@type":"BreadcrumbList","@id":"https:\/\/bychris-photography.com\/?page_id=58#breadcrumb","itemListElement":[{"@type":"ListItem","position":1,"name":"Accueil","item":"http:\/\/bychris-photography.com\/"},{"@type":"ListItem","position":2,"name":"\u00c0 propos de moi&#8230;"}]},{"@type":"WebSite","@id":"http:\/\/bychris-photography.com\/#website","url":"http:\/\/bychris-photography.com\/","name":"By Chris Photography Photographe de mariage &amp; portraits \u00e0 M\u00e2con","description":"Faire de chaque instant une oeuvre d&#039;art","publisher":{"@id":"http:\/\/bychris-photography.com\/#organization"},"potentialAction":[{"@type":"SearchAction","target":{"@type":"EntryPoint","urlTemplate":"http:\/\/bychris-photography.com\/?s={search_term_string}"},"query-input":{"@type":"PropertyValueSpecification","valueRequired":true,"valueName":"search_term_string"}}],"inLanguage":"fr-FR"},{"@type":"Organization","@id":"http:\/\/bychris-photography.com\/#organization","name":"By Chris Photography - Photographe M\u00e2con & Lyon","url":"http:\/\/bychris-photography.com\/","logo":{"@type":"ImageObject","inLanguage":"fr-FR","@id":"http:\/\/bychris-photography.com\/#\/schema\/logo\/image\/","url":"https:\/\/bychris-photography.com\/wp-content\/uploads\/2021\/05\/logochris.png","contentUrl":"https:\/\/bychris-photography.com\/wp-content\/uploads\/2021\/05\/logochris.png","width":2480,"height":3508,"caption":"By Chris Photography - Photographe M\u00e2con & Lyon"},"image":{"@id":"http:\/\/bychris-photography.com\/#\/schema\/logo\/image\/"},"sameAs":["https:\/\/www.facebook.com\/bychrisphotography1","https:\/\/www.instagram.com\/bychrisphotography\/?igshid=18c29j457gan7"]}]}},"featured_media_urls":[],"_links":{"self":[{"href":"https:\/\/bychris-photography.com\/index.php?rest_route=\/wp\/v2\/pages\/58","targetHints":{"allow":["GET"]}}],"collection":[{"href":"https:\/\/bychris-photography.com\/index.php?rest_route=\/wp\/v2\/pages"}],"about":[{"href":"https:\/\/bychris-photography.com\/index.php?rest_route=\/wp\/v2\/types\/page"}],"author":[{"embeddable":true,"href":"https:\/\/bychris-photography.com\/index.php?rest_route=\/wp\/v2\/users\/1"}],"replies":[{"embeddable":true,"href":"https:\/\/bychris-photography.com\/index.php?rest_route=%2Fwp%2Fv2%2Fcomments&post=58"}],"version-history":[{"count":11,"href":"https:\/\/bychris-photography.com\/index.php?rest_route=\/wp\/v2\/pages\/58\/revisions"}],"predecessor-version":[{"id":1133,"href":"https:\/\/bychris-photography.com\/index.php?rest_route=\/wp\/v2\/pages\/58\/revisions\/1133"}],"wp:attachment":[{"href":"https:\/\/bychris-photography.com\/index.php?rest_route=%2Fwp%2Fv2%2Fmedia&parent=58"}],"curies":[{"name":"wp","href":"https:\/\/api.w.org\/{rel}","templated":true}]}}